{"id":1529,"date":"2018-05-07T13:23:35","date_gmt":"2018-05-07T11:23:35","guid":{"rendered":"http:\/\/gretnagreen.elated-themes.com\/?page_id=1529"},"modified":"2025-01-28T11:55:11","modified_gmt":"2025-01-28T10:55:11","slug":"contatti","status":"publish","type":"page","link":"https:\/\/www.montestigliano.com\/it\/contatti\/","title":{"rendered":"Contatti"},"content":{"rendered":"<p>[vc_row css=&#8221;.vc_custom_1587376744560{padding-top: 50px !important;padding-bottom: 50px !important;}&#8221;][vc_column width=&#8221;1\/2&#8243;][vc_column_text]<\/p>\n<h4>Compila il seguente modulo per contattarci<\/h4>\n<p>[\/vc_column_text][vc_empty_space height=&#8221;30px&#8221;]\n<div class=\"wpcf7 no-js\" id=\"wpcf7-f7706-o1\" lang=\"it-IT\" dir=\"ltr\" data-wpcf7-id=\"7706\">\n<div class=\"screen-reader-response\"><p role=\"status\" aria-live=\"polite\" aria-atomic=\"true\"><\/p> <ul><\/ul><\/div>\n<form action=\"\/it\/wp-json\/wp\/v2\/pages\/1529#wpcf7-f7706-o1\" method=\"post\" class=\"wpcf7-form init\" aria-label=\"Contact form\" novalidate=\"novalidate\" data-status=\"init\">\n<div style=\"display: none;\">\n<input type=\"hidden\" name=\"_wpcf7\" value=\"7706\" \/>\n<input type=\"hidden\" name=\"_wpcf7_version\" value=\"6.0.3\" \/>\n<input type=\"hidden\" name=\"_wpcf7_locale\" value=\"it_IT\" \/>\n<input type=\"hidden\" name=\"_wpcf7_unit_tag\" value=\"wpcf7-f7706-o1\" \/>\n<input type=\"hidden\" name=\"_wpcf7_container_post\" value=\"0\" \/>\n<input type=\"hidden\" name=\"_wpcf7_posted_data_hash\" value=\"\" \/>\n<input type=\"hidden\" name=\"_wpcf7_recaptcha_response\" value=\"\" \/>\n<\/div>\n<p><label> <span class=\"wpcf7-form-control-wrap\" data-name=\"your-name\"><input size=\"40\" maxlength=\"400\" class=\"wpcf7-form-control wpcf7-text wpcf7-validates-as-required\" autocomplete=\"name\" aria-required=\"true\" aria-invalid=\"false\" placeholder=\"Nome*\" value=\"\" type=\"text\" name=\"your-name\" \/><\/span> <\/label>\n<\/p>\n<p><label> <span class=\"wpcf7-form-control-wrap\" data-name=\"your-email\"><input size=\"40\" maxlength=\"400\" class=\"wpcf7-form-control wpcf7-email wpcf7-validates-as-required wpcf7-text wpcf7-validates-as-email\" autocomplete=\"email\" aria-required=\"true\" aria-invalid=\"false\" placeholder=\"Email*\" value=\"\" type=\"email\" name=\"your-email\" \/><\/span> <\/label>\n<\/p>\n<p><label> <span class=\"wpcf7-form-control-wrap\" data-name=\"telefo\"><input size=\"40\" maxlength=\"400\" class=\"wpcf7-form-control wpcf7-tel wpcf7-text wpcf7-validates-as-tel\" aria-invalid=\"false\" placeholder=\"Telefono\" value=\"\" type=\"tel\" name=\"telefo\" \/><\/span><\/label>\n<\/p>\n<p><label> <span class=\"wpcf7-form-control-wrap\" data-name=\"your-subject\"><input size=\"40\" maxlength=\"400\" class=\"wpcf7-form-control wpcf7-text wpcf7-validates-as-required\" aria-required=\"true\" aria-invalid=\"false\" placeholder=\"Oggetto*\" value=\"\" type=\"text\" name=\"your-subject\" \/><\/span> <\/label>\n<\/p>\n<p><label> <span class=\"wpcf7-form-control-wrap\" data-name=\"your-message\"><textarea cols=\"40\" rows=\"10\" maxlength=\"2000\" class=\"wpcf7-form-control wpcf7-textarea wpcf7-validates-as-required\" aria-required=\"true\" aria-invalid=\"false\" placeholder=\"Messaggio*\" name=\"your-message\"><\/textarea><\/span> <\/label>\n<\/p>\n<p><label> <span class=\"wpcf7-form-control-wrap\" data-name=\"acceptance-693\"><span class=\"wpcf7-form-control wpcf7-acceptance\"><span class=\"wpcf7-list-item\"><label><input type=\"checkbox\" name=\"acceptance-693\" value=\"1\" aria-invalid=\"false\" \/><span class=\"wpcf7-list-item-label\">Acetta la nostra <a href=\"\/privacy-policy\/\" target=\"_blank\">Privacy Policy<\/a><\/span><\/label><\/span><\/span><\/span> <\/label>\n<\/p>\n<span class=\"wpcf7-form-control-wrap recaptcha\" data-name=\"recaptcha\"><span data-sitekey=\"6LfFY-kUAAAAAFjZvC7vx18W4kML85-RBcipy1Dy\" class=\"wpcf7-form-control wpcf7-recaptcha g-recaptcha\"><\/span>\r\n<noscript>\r\n\t<div class=\"grecaptcha-noscript\">\r\n\t\t<iframe loading=\"lazy\" src=\"https:\/\/www.google.com\/recaptcha\/api\/fallback?k=6LfFY-kUAAAAAFjZvC7vx18W4kML85-RBcipy1Dy\" frameborder=\"0\" scrolling=\"no\" width=\"310\" height=\"430\">\r\n\t\t<\/iframe>\r\n\t\t<textarea name=\"g-recaptcha-response\" rows=\"3\" cols=\"40\" placeholder=\"reCaptcha Response Here\">\r\n\t\t<\/textarea>\r\n\t<\/div>\r\n<\/noscript>\r\n<\/span>\n<p><input class=\"wpcf7-form-control wpcf7-submit has-spinner\" type=\"submit\" value=\"Invia\" \/>\n<\/p><div class=\"wpcf7-response-output\" aria-hidden=\"true\"><\/div>\n<\/form>\n<\/div>\n[\/vc_column][vc_column width=&#8221;1\/2&#8243;][vc_column_text]<\/p>\n<p style=\"text-align: justify;\">MONTESTIGLIANO SRL SOC AGRICOLA<br \/>\nLoc. Montestigliano Fraz. Brenna 53018 Sovicille (SI) Italy<br \/>\nCell. +39 3408279065 &#8211;\u00a0info@montestigliano.it<\/p>\n<p style=\"text-align: justify;\">Un&#8217;oasi di pace e bellezza<\/p>\n<p style=\"text-align: justify;\">Montestigliano, lussuoso agriturismo nel cuore della Toscana, \u00e8 un&#8217;oasi di pace e bellezza che propone ai suoi ospiti residenze raffinate e un&#8217;incantevole vista sulle colline.<\/p>\n<p style=\"text-align: justify;\">L&#8217;Azienda Agricola \u00e8 situata sulla sommit\u00e0 di una collina dalla quale si domina la vasta pianura del fiume Merse ed \u00e8 circondata da mille ettari di terreno. Qui la famiglia Donati coltiva le sue terre da oltre 50 anni e da 25 offre ospitalit\u00e0 nelle sue case coloniche ai turisti. Le dolci colline e la sua spettacolare posizione rendono il paesaggio unico, regalandoci una meravigliosa vista panoramica della campagna senese. Non tutti i mille ettari sono coltivati; una buona parte dell&#8217;azienda \u00e8 boschiva (circa 700 ha). Il bosco per lo pi\u00f9 si sviluppa alle spalle della collina di Montestigliano (sud-ovest) con dei bellissimi Viali di Cipressi , Lecci e Sughere dove si possono fare lunghe e fresche passeggiate con bagno nel fiume Merse. In collina si coltiva l&#8217;olivo (3mila piante) su bellissimi e antichi terrazzi tra muretti a secco e deliziose piante di fico. L&#8217;olio che se ne ottiene \u00e8 il pregiato DOP (Denominazione di Origine Protetta) Terre di Siena. Nella pianura si avvicendano su 300 ettari le colture di frumento duro,tenero, orzo, girasole, colza, mais, erba medica e favino.<\/p>\n<p>[\/vc_column_text][\/vc_column][\/vc_row][vc_row full_width=&#8221;stretch_row_content_no_spaces&#8221;][vc_column][vc_column_text]<iframe loading=\"lazy\" style=\"border: 0;\" tabindex=\"0\" src=\"https:\/\/www.google.com\/maps\/embed?pb=!1m14!1m8!1m3!1d93025.01766787018!2d11.164856194357688!3d43.22979287648461!3m2!1i1024!2i768!4f13.1!3m3!1m2!1s0x0%3A0x9eefa5003e7a1dd!2sMontestigliano%20S.r.l%20-%20Farm%20Holidays%20%26%20Events%20Location!5e0!3m2!1sit!2sus!4v1587376839119!5m2!1sit!2sus\" width=\"100%\" height=\"450\" frameborder=\"0\" allowfullscreen=\"allowfullscreen\" aria-hidden=\"false\"><span data-mce-type=\"bookmark\" style=\"display: inline-block; width: 0px; overflow: hidden; line-height: 0;\" class=\"mce_SELRES_start\">\ufeff<\/span><\/iframe>[\/vc_column_text][\/vc_column][\/vc_row]<\/p>\n","protected":false},"excerpt":{"rendered":"<p>[vc_row css=&#8221;.vc_custom_1587376744560{padding-top: 50px !important;padding-bottom: 50px !important;}&#8221;][vc_column width=&#8221;1\/2&#8243;][vc_column_text] Compila il seguente modulo per contattarci [\/vc_column_text][vc_empty_space height=&#8221;30px&#8221;][\/vc_column][vc_column width=&#8221;1\/2&#8243;][vc_column_text] MONTESTIGLIANO SRL SOC AGRICOLA Loc. Montestigliano Fraz. Brenna 53018 Sovicille (SI) Italy Cell. +39 3408279065 &#8211;\u00a0info@montestigliano.it Un&#8217;oasi di pace e bellezza Montestigliano, lussuoso agriturismo nel cuore [&hellip;]<\/p>\n","protected":false},"author":99,"featured_media":7234,"parent":0,"menu_order":0,"comment_status":"closed","ping_status":"closed","template":"","meta":{"footnotes":""},"class_list":["post-1529","page","type-page","status-publish","has-post-thumbnail","hentry"],"yoast_head":"<!-- This site is optimized with the Yoast SEO plugin v24.3 - https:\/\/yoast.com\/wordpress\/plugins\/seo\/ -->\n<title>Contatti - Montestigliano<\/title>\n<meta name=\"description\" content=\"Montestigliano \u00e8 un lussuoso agriturismo nel cuore della Toscana, un&#039;oasi di pace con residenze raffinate e un\u2019incantevole vista sulle colline. Contattaci.\" \/>\n<meta name=\"robots\" content=\"index, follow, max-snippet:-1, max-image-preview:large, max-video-preview:-1\" \/>\n<link rel=\"canonical\" href=\"https:\/\/www.montestigliano.com\/it\/contatti\/\" \/>\n<meta property=\"og:locale\" content=\"it_IT\" \/>\n<meta property=\"og:type\" content=\"article\" \/>\n<meta property=\"og:title\" content=\"Contatti - Montestigliano\" \/>\n<meta property=\"og:description\" content=\"Montestigliano \u00e8 un lussuoso agriturismo nel cuore della Toscana, un&#039;oasi di pace con residenze raffinate e un\u2019incantevole vista sulle colline. Contattaci.\" \/>\n<meta property=\"og:url\" content=\"https:\/\/www.montestigliano.com\/it\/contatti\/\" \/>\n<meta property=\"og:site_name\" content=\"Montestigliano\" \/>\n<meta property=\"article:modified_time\" content=\"2025-01-28T10:55:11+00:00\" \/>\n<meta property=\"og:image\" content=\"https:\/\/www.montestigliano.com\/wp-content\/uploads\/2023\/01\/Contatti-Agriturismo-Montestigliano.jpg\" \/>\n\t<meta property=\"og:image:width\" content=\"600\" \/>\n\t<meta property=\"og:image:height\" content=\"400\" \/>\n\t<meta property=\"og:image:type\" content=\"image\/jpeg\" \/>\n<meta name=\"twitter:card\" content=\"summary_large_image\" \/>\n<meta name=\"twitter:label1\" content=\"Est. reading time\" \/>\n\t<meta name=\"twitter:data1\" content=\"2 minuti\" \/>\n<script type=\"application\/ld+json\" class=\"yoast-schema-graph\">{\"@context\":\"https:\/\/schema.org\",\"@graph\":[{\"@type\":\"WebPage\",\"@id\":\"https:\/\/www.montestigliano.com\/it\/contatti\/\",\"url\":\"https:\/\/www.montestigliano.com\/it\/contatti\/\",\"name\":\"Contatti - Montestigliano\",\"isPartOf\":{\"@id\":\"https:\/\/www.montestigliano.com\/it\/#website\"},\"primaryImageOfPage\":{\"@id\":\"https:\/\/www.montestigliano.com\/it\/contatti\/#primaryimage\"},\"image\":{\"@id\":\"https:\/\/www.montestigliano.com\/it\/contatti\/#primaryimage\"},\"thumbnailUrl\":\"https:\/\/www.montestigliano.com\/wp-content\/uploads\/2023\/01\/Contatti-Agriturismo-Montestigliano.jpg\",\"datePublished\":\"2018-05-07T11:23:35+00:00\",\"dateModified\":\"2025-01-28T10:55:11+00:00\",\"description\":\"Montestigliano \u00e8 un lussuoso agriturismo nel cuore della Toscana, un'oasi di pace con residenze raffinate e un\u2019incantevole vista sulle colline. Contattaci.\",\"breadcrumb\":{\"@id\":\"https:\/\/www.montestigliano.com\/it\/contatti\/#breadcrumb\"},\"inLanguage\":\"it-IT\",\"potentialAction\":[{\"@type\":\"ReadAction\",\"target\":[\"https:\/\/www.montestigliano.com\/it\/contatti\/\"]}]},{\"@type\":\"ImageObject\",\"inLanguage\":\"it-IT\",\"@id\":\"https:\/\/www.montestigliano.com\/it\/contatti\/#primaryimage\",\"url\":\"https:\/\/www.montestigliano.com\/wp-content\/uploads\/2023\/01\/Contatti-Agriturismo-Montestigliano.jpg\",\"contentUrl\":\"https:\/\/www.montestigliano.com\/wp-content\/uploads\/2023\/01\/Contatti-Agriturismo-Montestigliano.jpg\",\"width\":600,\"height\":400,\"caption\":\"Contatti Agriturismo Montestigliano\"},{\"@type\":\"BreadcrumbList\",\"@id\":\"https:\/\/www.montestigliano.com\/it\/contatti\/#breadcrumb\",\"itemListElement\":[{\"@type\":\"ListItem\",\"position\":1,\"name\":\"Home\",\"item\":\"https:\/\/www.montestigliano.com\/it\/\"},{\"@type\":\"ListItem\",\"position\":2,\"name\":\"Contatti\"}]},{\"@type\":\"WebSite\",\"@id\":\"https:\/\/www.montestigliano.com\/it\/#website\",\"url\":\"https:\/\/www.montestigliano.com\/it\/\",\"name\":\"Montestigliano\",\"description\":\"\",\"potentialAction\":[{\"@type\":\"SearchAction\",\"target\":{\"@type\":\"EntryPoint\",\"urlTemplate\":\"https:\/\/www.montestigliano.com\/it\/?s={search_term_string}\"},\"query-input\":{\"@type\":\"PropertyValueSpecification\",\"valueRequired\":true,\"valueName\":\"search_term_string\"}}],\"inLanguage\":\"it-IT\"}]}<\/script>\n<!-- \/ Yoast SEO plugin. -->","yoast_head_json":{"title":"Contatti - Montestigliano","description":"Montestigliano \u00e8 un lussuoso agriturismo nel cuore della Toscana, un'oasi di pace con residenze raffinate e un\u2019incantevole vista sulle colline. Contattaci.","robots":{"index":"index","follow":"follow","max-snippet":"max-snippet:-1","max-image-preview":"max-image-preview:large","max-video-preview":"max-video-preview:-1"},"canonical":"https:\/\/www.montestigliano.com\/it\/contatti\/","og_locale":"it_IT","og_type":"article","og_title":"Contatti - Montestigliano","og_description":"Montestigliano \u00e8 un lussuoso agriturismo nel cuore della Toscana, un'oasi di pace con residenze raffinate e un\u2019incantevole vista sulle colline. Contattaci.","og_url":"https:\/\/www.montestigliano.com\/it\/contatti\/","og_site_name":"Montestigliano","article_modified_time":"2025-01-28T10:55:11+00:00","og_image":[{"width":600,"height":400,"url":"https:\/\/www.montestigliano.com\/wp-content\/uploads\/2023\/01\/Contatti-Agriturismo-Montestigliano.jpg","type":"image\/jpeg"}],"twitter_card":"summary_large_image","twitter_misc":{"Est. reading time":"2 minuti"},"schema":{"@context":"https:\/\/schema.org","@graph":[{"@type":"WebPage","@id":"https:\/\/www.montestigliano.com\/it\/contatti\/","url":"https:\/\/www.montestigliano.com\/it\/contatti\/","name":"Contatti - Montestigliano","isPartOf":{"@id":"https:\/\/www.montestigliano.com\/it\/#website"},"primaryImageOfPage":{"@id":"https:\/\/www.montestigliano.com\/it\/contatti\/#primaryimage"},"image":{"@id":"https:\/\/www.montestigliano.com\/it\/contatti\/#primaryimage"},"thumbnailUrl":"https:\/\/www.montestigliano.com\/wp-content\/uploads\/2023\/01\/Contatti-Agriturismo-Montestigliano.jpg","datePublished":"2018-05-07T11:23:35+00:00","dateModified":"2025-01-28T10:55:11+00:00","description":"Montestigliano \u00e8 un lussuoso agriturismo nel cuore della Toscana, un'oasi di pace con residenze raffinate e un\u2019incantevole vista sulle colline. Contattaci.","breadcrumb":{"@id":"https:\/\/www.montestigliano.com\/it\/contatti\/#breadcrumb"},"inLanguage":"it-IT","potentialAction":[{"@type":"ReadAction","target":["https:\/\/www.montestigliano.com\/it\/contatti\/"]}]},{"@type":"ImageObject","inLanguage":"it-IT","@id":"https:\/\/www.montestigliano.com\/it\/contatti\/#primaryimage","url":"https:\/\/www.montestigliano.com\/wp-content\/uploads\/2023\/01\/Contatti-Agriturismo-Montestigliano.jpg","contentUrl":"https:\/\/www.montestigliano.com\/wp-content\/uploads\/2023\/01\/Contatti-Agriturismo-Montestigliano.jpg","width":600,"height":400,"caption":"Contatti Agriturismo Montestigliano"},{"@type":"BreadcrumbList","@id":"https:\/\/www.montestigliano.com\/it\/contatti\/#breadcrumb","itemListElement":[{"@type":"ListItem","position":1,"name":"Home","item":"https:\/\/www.montestigliano.com\/it\/"},{"@type":"ListItem","position":2,"name":"Contatti"}]},{"@type":"WebSite","@id":"https:\/\/www.montestigliano.com\/it\/#website","url":"https:\/\/www.montestigliano.com\/it\/","name":"Montestigliano","description":"","potentialAction":[{"@type":"SearchAction","target":{"@type":"EntryPoint","urlTemplate":"https:\/\/www.montestigliano.com\/it\/?s={search_term_string}"},"query-input":{"@type":"PropertyValueSpecification","valueRequired":true,"valueName":"search_term_string"}}],"inLanguage":"it-IT"}]}},"_links":{"self":[{"href":"https:\/\/www.montestigliano.com\/it\/wp-json\/wp\/v2\/pages\/1529","targetHints":{"allow":["GET"]}}],"collection":[{"href":"https:\/\/www.montestigliano.com\/it\/wp-json\/wp\/v2\/pages"}],"about":[{"href":"https:\/\/www.montestigliano.com\/it\/wp-json\/wp\/v2\/types\/page"}],"author":[{"embeddable":true,"href":"https:\/\/www.montestigliano.com\/it\/wp-json\/wp\/v2\/users\/99"}],"replies":[{"embeddable":true,"href":"https:\/\/www.montestigliano.com\/it\/wp-json\/wp\/v2\/comments?post=1529"}],"version-history":[{"count":11,"href":"https:\/\/www.montestigliano.com\/it\/wp-json\/wp\/v2\/pages\/1529\/revisions"}],"predecessor-version":[{"id":7707,"href":"https:\/\/www.montestigliano.com\/it\/wp-json\/wp\/v2\/pages\/1529\/revisions\/7707"}],"wp:featuredmedia":[{"embeddable":true,"href":"https:\/\/www.montestigliano.com\/it\/wp-json\/wp\/v2\/media\/7234"}],"wp:attachment":[{"href":"https:\/\/www.montestigliano.com\/it\/wp-json\/wp\/v2\/media?parent=1529"}],"curies":[{"name":"wp","href":"https:\/\/api.w.org\/{rel}","templated":true}]}}