{"id":1886,"date":"2018-05-09T07:08:29","date_gmt":"2018-05-09T05:08:29","guid":{"rendered":"http:\/\/gretnagreen.elated-themes.com\/?page_id=1886"},"modified":"2023-01-11T17:48:51","modified_gmt":"2023-01-11T16:48:51","slug":"la-nostra-storia","status":"publish","type":"page","link":"https:\/\/www.montestigliano.com\/it\/la-nostra-storia\/","title":{"rendered":"La Nostra Storia"},"content":{"rendered":"<p>[vc_row css=&#8221;.vc_custom_1587374487740{padding-top: 50px !important;}&#8221;][vc_column width=&#8221;2\/3&#8243;]<div class=\"eltdf-section-title-holder  eltdf-st-standard eltdf-st-alignleft  \" style=\"text-align: left\">\r\n\t<div class=\"eltdf-st-inner\">\r\n\t\t\t\t\t<h3 class=\"eltdf-st-title\" >\r\n\t\t\t\tTutto comincia alla fine del XVIII secolo...\t\t\t<\/h3>\r\n\t\t        \t\t\t<\/div>\r\n<\/div>[vc_column_text]<\/p>\n<p style=\"text-align: justify;\"><strong>IERI<\/strong>. Alla fine del 1700, la nobile famiglia senese De Vecchi, primi proprietari, costruisce una parte del borgo centrale dell&#8217;azienda; a seguire altre due importanti famiglie nobili, la famiglia Aldobrandini (1873), provenienti da Roma, oggi proprietari della Villa di Celsa a Sovicille, ampliano ulteriormente il borgo gi\u00e0 esistente e a seguire la famiglia Vanni, primi e ultimi proprietari fiorentini acquistano la tenuta agli inizi del 1900 e costruiscono la Villa Padronale fino ad arrivare a Luigi Donati della Massa Trabaria di origini marchigiane, che nel 1953, dopo una lunga ricerca in tutta Italia approda a Montestigliano e se ne innamora. Sar\u00e0 per lui la propriet\u00e0 sempre desiderata ed il luogo in cui vorr\u00e0 passare la sua ultima parte di vita. Una vita dedicata alla produzione e alla trasformazione di tabacco, attivit\u00e0 che oggi non viene pi\u00f9 svolta dalla famiglia Donati.<\/p>\n<p style=\"text-align: justify;\"><strong>OGGI<\/strong>. La propriet\u00e0 nel 1975 passa al figlio primogenito, Giancarlo Donati, attuale proprietario. Giancarlo insieme ai suoi figli gestisce l&#8217;azienda adeguandola ai veloci mutamenti sociali ed economici che hanno investito l&#8217;Italia in questi ultimi decenni. Giancarlo Donati, insieme al figlio primogenito Massimo, abbandona tutte quelle attivit\u00e0 agricole che comportano grande richiesta di manodopera, come la produzione del vino e l&#8217;allevamento, e concentra tutta l&#8217;azienda nella sola produzione di cereali (grano duro, grano tenero, girasoli, mais), gestiti con l&#8217;ausilio di molte macchine e poca manodopera.<\/p>\n<p style=\"text-align: justify;\">Nel 1985 scopre la possibilit\u00e0 di utilizzare i vecchi casali, ormai disabitati, come residenza turistica avviando cos\u00ec l\u2019attivit\u00e0 di agriturismo con l&#8217;aiuto della moglie Maria Adriana Rossi e delle figlie pi\u00f9 grandi Luisa e Virginia. L&#8217;attivit\u00e0 agrituristica cresce moltissimo col passare degli anni ed oggi coinvolge a pieno regime tutta la famiglia compresi i due figli pi\u00f9 giovani Marta e Damiano.<\/p>\n<p>[\/vc_column_text][\/vc_column][vc_column width=&#8221;1\/3&#8243;][vc_single_image image=&#8221;4415&#8243; img_size=&#8221;full&#8221; alignment=&#8221;center&#8221;][\/vc_column][\/vc_row][vc_row css=&#8221;.vc_custom_1587990926990{padding-top: 50px !important;}&#8221;][vc_column width=&#8221;1\/3&#8243;]\r\n<div class=\"eltdf-iwt clearfix  eltdf-iwt-icon-top eltdf-normal eltdf-iwt-icon-medium\">\r\n\t<div class=\"eltdf-iwt-icon\">\r\n\t\t\t\t\t<a itemprop=\"url\" href=\"\/il-borgo\/\" target=\"_self\">\r\n\t\t\t\t\t\t\t\t\t<img loading=\"lazy\" decoding=\"async\" width=\"1920\" height=\"1278\" src=\"https:\/\/www.montestigliano.com\/wp-content\/uploads\/2020\/04\/il-borgo-1.jpg\" class=\"attachment-full size-full\" alt=\"\" srcset=\"https:\/\/www.montestigliano.com\/wp-content\/uploads\/2020\/04\/il-borgo-1.jpg 1920w, https:\/\/www.montestigliano.com\/wp-content\/uploads\/2020\/04\/il-borgo-1-300x200.jpg 300w, https:\/\/www.montestigliano.com\/wp-content\/uploads\/2020\/04\/il-borgo-1-1024x682.jpg 1024w, https:\/\/www.montestigliano.com\/wp-content\/uploads\/2020\/04\/il-borgo-1-768x511.jpg 768w, https:\/\/www.montestigliano.com\/wp-content\/uploads\/2020\/04\/il-borgo-1-1536x1022.jpg 1536w\" sizes=\"auto, (max-width: 1920px) 100vw, 1920px\" \/>\t\t\t\t\t\t\t\t<\/a>\r\n\t\t\t<\/div>\r\n\t<div class=\"eltdf-iwt-content\" >\r\n\t\t\t\t\t<h4 class=\"eltdf-iwt-title\" >\r\n\t\t\t\t\t\t\t\t\t<a itemprop=\"url\" href=\"\/il-borgo\/\" target=\"_self\">\r\n\t\t\t\t\t\t\t\t<span class=\"eltdf-iwt-title-text\">Il Borgo<\/span>\r\n\t\t\t\t\t\t\t\t\t<\/a>\r\n\t\t\t\t\t\t\t<\/h4>\r\n\t\t\t\t\t<\/div>\r\n<\/div>[vc_empty_space][\/vc_column][vc_column width=&#8221;1\/3&#8243;]\r\n<div class=\"eltdf-iwt clearfix  eltdf-iwt-icon-top eltdf-normal eltdf-iwt-icon-medium\">\r\n\t<div class=\"eltdf-iwt-icon\">\r\n\t\t\t\t\t<a itemprop=\"url\" href=\"\/la-famiglia\/\" target=\"_self\">\r\n\t\t\t\t\t\t\t\t\t<img loading=\"lazy\" decoding=\"async\" width=\"1920\" height=\"1278\" src=\"https:\/\/www.montestigliano.com\/wp-content\/uploads\/2020\/04\/la-famiglia-box.jpg\" class=\"attachment-full size-full\" alt=\"\" srcset=\"https:\/\/www.montestigliano.com\/wp-content\/uploads\/2020\/04\/la-famiglia-box.jpg 1920w, https:\/\/www.montestigliano.com\/wp-content\/uploads\/2020\/04\/la-famiglia-box-300x200.jpg 300w, https:\/\/www.montestigliano.com\/wp-content\/uploads\/2020\/04\/la-famiglia-box-1024x682.jpg 1024w, https:\/\/www.montestigliano.com\/wp-content\/uploads\/2020\/04\/la-famiglia-box-768x511.jpg 768w, https:\/\/www.montestigliano.com\/wp-content\/uploads\/2020\/04\/la-famiglia-box-1536x1022.jpg 1536w\" sizes=\"auto, (max-width: 1920px) 100vw, 1920px\" \/>\t\t\t\t\t\t\t\t<\/a>\r\n\t\t\t<\/div>\r\n\t<div class=\"eltdf-iwt-content\" >\r\n\t\t\t\t\t<h4 class=\"eltdf-iwt-title\" >\r\n\t\t\t\t\t\t\t\t\t<a itemprop=\"url\" href=\"\/la-famiglia\/\" target=\"_self\">\r\n\t\t\t\t\t\t\t\t<span class=\"eltdf-iwt-title-text\">La Famiglia<\/span>\r\n\t\t\t\t\t\t\t\t\t<\/a>\r\n\t\t\t\t\t\t\t<\/h4>\r\n\t\t\t\t\t<\/div>\r\n<\/div>[vc_empty_space][\/vc_column][vc_column width=&#8221;1\/3&#8243;]\r\n<div class=\"eltdf-iwt clearfix  eltdf-iwt-icon-top eltdf-normal eltdf-iwt-icon-medium\">\r\n\t<div class=\"eltdf-iwt-icon\">\r\n\t\t\t\t\t<a itemprop=\"url\" href=\"\/azienda-agricola\/\" target=\"_self\">\r\n\t\t\t\t\t\t\t\t\t<img loading=\"lazy\" decoding=\"async\" width=\"1920\" height=\"1278\" src=\"https:\/\/www.montestigliano.com\/wp-content\/uploads\/2020\/04\/azienda-agricola.jpg\" class=\"attachment-full size-full\" alt=\"\" srcset=\"https:\/\/www.montestigliano.com\/wp-content\/uploads\/2020\/04\/azienda-agricola.jpg 1920w, https:\/\/www.montestigliano.com\/wp-content\/uploads\/2020\/04\/azienda-agricola-300x200.jpg 300w, https:\/\/www.montestigliano.com\/wp-content\/uploads\/2020\/04\/azienda-agricola-1024x682.jpg 1024w, https:\/\/www.montestigliano.com\/wp-content\/uploads\/2020\/04\/azienda-agricola-768x511.jpg 768w, https:\/\/www.montestigliano.com\/wp-content\/uploads\/2020\/04\/azienda-agricola-1536x1022.jpg 1536w\" sizes=\"auto, (max-width: 1920px) 100vw, 1920px\" \/>\t\t\t\t\t\t\t\t<\/a>\r\n\t\t\t<\/div>\r\n\t<div class=\"eltdf-iwt-content\" >\r\n\t\t\t\t\t<h4 class=\"eltdf-iwt-title\" >\r\n\t\t\t\t\t\t\t\t\t<a itemprop=\"url\" href=\"\/azienda-agricola\/\" target=\"_self\">\r\n\t\t\t\t\t\t\t\t<span class=\"eltdf-iwt-title-text\">L&#039;Azienda Agricola<\/span>\r\n\t\t\t\t\t\t\t\t\t<\/a>\r\n\t\t\t\t\t\t\t<\/h4>\r\n\t\t\t\t\t<\/div>\r\n<\/div>[vc_empty_space][\/vc_column][\/vc_row][vc_row full_width=&#8221;stretch_row_content_no_spaces&#8221; css=&#8221;.vc_custom_1600349972445{padding-top: 40px !important;}&#8221;][vc_column][vc_masonry_media_grid element_width=&#8221;3&#8243; gap=&#8221;0&#8243; grid_id=&#8221;vc_gid:1602169886029-7595b899-4ed7-4&#8243; include=&#8221;4422,4423,4424,4425&#8243;][\/vc_column][\/vc_row]<\/p>\n","protected":false},"excerpt":{"rendered":"<p>[vc_row css=&#8221;.vc_custom_1587374487740{padding-top: 50px !important;}&#8221;][vc_column width=&#8221;2\/3&#8243;][vc_column_text] IERI. Alla fine del 1700, la nobile famiglia senese De Vecchi, primi proprietari, costruisce una parte del borgo centrale dell&#8217;azienda; a seguire altre due importanti famiglie nobili, la famiglia Aldobrandini (1873), provenienti da Roma, oggi proprietari della [&hellip;]<\/p>\n","protected":false},"author":99,"featured_media":7251,"parent":0,"menu_order":0,"comment_status":"closed","ping_status":"closed","template":"","meta":{"footnotes":""},"class_list":["post-1886","page","type-page","status-publish","has-post-thumbnail","hentry"],"yoast_head":"<!-- This site is optimized with the Yoast SEO plugin v24.3 - https:\/\/yoast.com\/wordpress\/plugins\/seo\/ -->\n<title>La nostra storia, la nostra terra - Montestigliano<\/title>\n<meta name=\"description\" content=\"Dalle origini all&#039;evoluzione in azienda agricola biologica, fino all&#039;agriturismo. La nostra storia si nutre di passione per il territorio. Scoprila con noi.\" \/>\n<meta name=\"robots\" content=\"index, follow, max-snippet:-1, max-image-preview:large, max-video-preview:-1\" \/>\n<link rel=\"canonical\" href=\"https:\/\/www.montestigliano.com\/it\/la-nostra-storia\/\" \/>\n<meta property=\"og:locale\" content=\"it_IT\" \/>\n<meta property=\"og:type\" content=\"article\" \/>\n<meta property=\"og:title\" content=\"La nostra storia, la nostra terra - Montestigliano\" \/>\n<meta property=\"og:description\" content=\"Dalle origini all&#039;evoluzione in azienda agricola biologica, fino all&#039;agriturismo. La nostra storia si nutre di passione per il territorio. Scoprila con noi.\" \/>\n<meta property=\"og:url\" content=\"https:\/\/www.montestigliano.com\/it\/la-nostra-storia\/\" \/>\n<meta property=\"og:site_name\" content=\"Montestigliano\" \/>\n<meta property=\"article:modified_time\" content=\"2023-01-11T16:48:51+00:00\" \/>\n<meta property=\"og:image\" content=\"https:\/\/www.montestigliano.com\/wp-content\/uploads\/2023\/01\/Storia-agriturismo-in-Toscana-vicino-a-Siena.jpg\" \/>\n\t<meta property=\"og:image:width\" content=\"600\" \/>\n\t<meta property=\"og:image:height\" content=\"400\" \/>\n\t<meta property=\"og:image:type\" content=\"image\/jpeg\" \/>\n<meta name=\"twitter:card\" content=\"summary_large_image\" \/>\n<meta name=\"twitter:label1\" content=\"Est. reading time\" \/>\n\t<meta name=\"twitter:data1\" content=\"2 minuti\" \/>\n<script type=\"application\/ld+json\" class=\"yoast-schema-graph\">{\"@context\":\"https:\/\/schema.org\",\"@graph\":[{\"@type\":\"WebPage\",\"@id\":\"https:\/\/www.montestigliano.com\/it\/la-nostra-storia\/\",\"url\":\"https:\/\/www.montestigliano.com\/it\/la-nostra-storia\/\",\"name\":\"La nostra storia, la nostra terra - Montestigliano\",\"isPartOf\":{\"@id\":\"https:\/\/www.montestigliano.com\/it\/#website\"},\"primaryImageOfPage\":{\"@id\":\"https:\/\/www.montestigliano.com\/it\/la-nostra-storia\/#primaryimage\"},\"image\":{\"@id\":\"https:\/\/www.montestigliano.com\/it\/la-nostra-storia\/#primaryimage\"},\"thumbnailUrl\":\"https:\/\/www.montestigliano.com\/wp-content\/uploads\/2023\/01\/Storia-agriturismo-in-Toscana-vicino-a-Siena.jpg\",\"datePublished\":\"2018-05-09T05:08:29+00:00\",\"dateModified\":\"2023-01-11T16:48:51+00:00\",\"description\":\"Dalle origini all'evoluzione in azienda agricola biologica, fino all'agriturismo. La nostra storia si nutre di passione per il territorio. Scoprila con noi.\",\"breadcrumb\":{\"@id\":\"https:\/\/www.montestigliano.com\/it\/la-nostra-storia\/#breadcrumb\"},\"inLanguage\":\"it-IT\",\"potentialAction\":[{\"@type\":\"ReadAction\",\"target\":[\"https:\/\/www.montestigliano.com\/it\/la-nostra-storia\/\"]}]},{\"@type\":\"ImageObject\",\"inLanguage\":\"it-IT\",\"@id\":\"https:\/\/www.montestigliano.com\/it\/la-nostra-storia\/#primaryimage\",\"url\":\"https:\/\/www.montestigliano.com\/wp-content\/uploads\/2023\/01\/Storia-agriturismo-in-Toscana-vicino-a-Siena.jpg\",\"contentUrl\":\"https:\/\/www.montestigliano.com\/wp-content\/uploads\/2023\/01\/Storia-agriturismo-in-Toscana-vicino-a-Siena.jpg\",\"width\":600,\"height\":400,\"caption\":\"Storia agriturismo in Toscana vicino a Siena\"},{\"@type\":\"BreadcrumbList\",\"@id\":\"https:\/\/www.montestigliano.com\/it\/la-nostra-storia\/#breadcrumb\",\"itemListElement\":[{\"@type\":\"ListItem\",\"position\":1,\"name\":\"Home\",\"item\":\"https:\/\/www.montestigliano.com\/it\/\"},{\"@type\":\"ListItem\",\"position\":2,\"name\":\"La Nostra Storia\"}]},{\"@type\":\"WebSite\",\"@id\":\"https:\/\/www.montestigliano.com\/it\/#website\",\"url\":\"https:\/\/www.montestigliano.com\/it\/\",\"name\":\"Montestigliano\",\"description\":\"\",\"potentialAction\":[{\"@type\":\"SearchAction\",\"target\":{\"@type\":\"EntryPoint\",\"urlTemplate\":\"https:\/\/www.montestigliano.com\/it\/?s={search_term_string}\"},\"query-input\":{\"@type\":\"PropertyValueSpecification\",\"valueRequired\":true,\"valueName\":\"search_term_string\"}}],\"inLanguage\":\"it-IT\"}]}<\/script>\n<!-- \/ Yoast SEO plugin. -->","yoast_head_json":{"title":"La nostra storia, la nostra terra - Montestigliano","description":"Dalle origini all'evoluzione in azienda agricola biologica, fino all'agriturismo. La nostra storia si nutre di passione per il territorio. Scoprila con noi.","robots":{"index":"index","follow":"follow","max-snippet":"max-snippet:-1","max-image-preview":"max-image-preview:large","max-video-preview":"max-video-preview:-1"},"canonical":"https:\/\/www.montestigliano.com\/it\/la-nostra-storia\/","og_locale":"it_IT","og_type":"article","og_title":"La nostra storia, la nostra terra - Montestigliano","og_description":"Dalle origini all'evoluzione in azienda agricola biologica, fino all'agriturismo. La nostra storia si nutre di passione per il territorio. Scoprila con noi.","og_url":"https:\/\/www.montestigliano.com\/it\/la-nostra-storia\/","og_site_name":"Montestigliano","article_modified_time":"2023-01-11T16:48:51+00:00","og_image":[{"width":600,"height":400,"url":"https:\/\/www.montestigliano.com\/wp-content\/uploads\/2023\/01\/Storia-agriturismo-in-Toscana-vicino-a-Siena.jpg","type":"image\/jpeg"}],"twitter_card":"summary_large_image","twitter_misc":{"Est. reading time":"2 minuti"},"schema":{"@context":"https:\/\/schema.org","@graph":[{"@type":"WebPage","@id":"https:\/\/www.montestigliano.com\/it\/la-nostra-storia\/","url":"https:\/\/www.montestigliano.com\/it\/la-nostra-storia\/","name":"La nostra storia, la nostra terra - Montestigliano","isPartOf":{"@id":"https:\/\/www.montestigliano.com\/it\/#website"},"primaryImageOfPage":{"@id":"https:\/\/www.montestigliano.com\/it\/la-nostra-storia\/#primaryimage"},"image":{"@id":"https:\/\/www.montestigliano.com\/it\/la-nostra-storia\/#primaryimage"},"thumbnailUrl":"https:\/\/www.montestigliano.com\/wp-content\/uploads\/2023\/01\/Storia-agriturismo-in-Toscana-vicino-a-Siena.jpg","datePublished":"2018-05-09T05:08:29+00:00","dateModified":"2023-01-11T16:48:51+00:00","description":"Dalle origini all'evoluzione in azienda agricola biologica, fino all'agriturismo. La nostra storia si nutre di passione per il territorio. Scoprila con noi.","breadcrumb":{"@id":"https:\/\/www.montestigliano.com\/it\/la-nostra-storia\/#breadcrumb"},"inLanguage":"it-IT","potentialAction":[{"@type":"ReadAction","target":["https:\/\/www.montestigliano.com\/it\/la-nostra-storia\/"]}]},{"@type":"ImageObject","inLanguage":"it-IT","@id":"https:\/\/www.montestigliano.com\/it\/la-nostra-storia\/#primaryimage","url":"https:\/\/www.montestigliano.com\/wp-content\/uploads\/2023\/01\/Storia-agriturismo-in-Toscana-vicino-a-Siena.jpg","contentUrl":"https:\/\/www.montestigliano.com\/wp-content\/uploads\/2023\/01\/Storia-agriturismo-in-Toscana-vicino-a-Siena.jpg","width":600,"height":400,"caption":"Storia agriturismo in Toscana vicino a Siena"},{"@type":"BreadcrumbList","@id":"https:\/\/www.montestigliano.com\/it\/la-nostra-storia\/#breadcrumb","itemListElement":[{"@type":"ListItem","position":1,"name":"Home","item":"https:\/\/www.montestigliano.com\/it\/"},{"@type":"ListItem","position":2,"name":"La Nostra Storia"}]},{"@type":"WebSite","@id":"https:\/\/www.montestigliano.com\/it\/#website","url":"https:\/\/www.montestigliano.com\/it\/","name":"Montestigliano","description":"","potentialAction":[{"@type":"SearchAction","target":{"@type":"EntryPoint","urlTemplate":"https:\/\/www.montestigliano.com\/it\/?s={search_term_string}"},"query-input":{"@type":"PropertyValueSpecification","valueRequired":true,"valueName":"search_term_string"}}],"inLanguage":"it-IT"}]}},"_links":{"self":[{"href":"https:\/\/www.montestigliano.com\/it\/wp-json\/wp\/v2\/pages\/1886","targetHints":{"allow":["GET"]}}],"collection":[{"href":"https:\/\/www.montestigliano.com\/it\/wp-json\/wp\/v2\/pages"}],"about":[{"href":"https:\/\/www.montestigliano.com\/it\/wp-json\/wp\/v2\/types\/page"}],"author":[{"embeddable":true,"href":"https:\/\/www.montestigliano.com\/it\/wp-json\/wp\/v2\/users\/99"}],"replies":[{"embeddable":true,"href":"https:\/\/www.montestigliano.com\/it\/wp-json\/wp\/v2\/comments?post=1886"}],"version-history":[{"count":26,"href":"https:\/\/www.montestigliano.com\/it\/wp-json\/wp\/v2\/pages\/1886\/revisions"}],"predecessor-version":[{"id":6438,"href":"https:\/\/www.montestigliano.com\/it\/wp-json\/wp\/v2\/pages\/1886\/revisions\/6438"}],"wp:featuredmedia":[{"embeddable":true,"href":"https:\/\/www.montestigliano.com\/it\/wp-json\/wp\/v2\/media\/7251"}],"wp:attachment":[{"href":"https:\/\/www.montestigliano.com\/it\/wp-json\/wp\/v2\/media?parent=1886"}],"curies":[{"name":"wp","href":"https:\/\/api.w.org\/{rel}","templated":true}]}}