{"id":4302,"date":"2020-04-17T11:14:39","date_gmt":"2020-04-17T09:14:39","guid":{"rendered":"http:\/\/www.montestigliano.com\/?page_id=4302"},"modified":"2023-01-11T17:54:29","modified_gmt":"2023-01-11T16:54:29","slug":"attivita","status":"publish","type":"page","link":"https:\/\/www.montestigliano.com\/it\/attivita\/","title":{"rendered":"Attivit\u00e0"},"content":{"rendered":"<p>[vc_row][vc_column]<div class=\"eltdf-blog-list-holder eltdf-grid-list eltdf-disable-bottom-space eltdf-bl-boxed eltdf-three-columns eltdf-medium-space eltdf-bl-pag-no-pagination\"  data-type=boxed data-number-of-posts=9 data-number-of-columns=three data-space-between-items=medium data-category=attivita data-orderby=date data-order=DESC data-image-size=full data-title-tag=h4 data-excerpt-length=40 data-post-info-section=no data-post-info-image=yes data-post-info-author=yes data-post-info-date=yes data-post-info-category=yes data-post-info-comments=no data-post-info-like=no data-post-info-share=no data-pagination-type=no-pagination data-max-num-pages=1 data-next-page=2>\r\n\t<div class=\"eltdf-bl-wrapper eltdf-outer-space\">\r\n\t\t<ul class=\"eltdf-blog-list\">\r\n\t\t\t<li class=\"eltdf-bl-item eltdf-item-space\">\r\n\t<div class=\"eltdf-bli-inner\">\r\n\t\t\r\n\t<div class=\"eltdf-post-image\">\r\n\t\t\t\t\t<a itemprop=\"url\" href=\"https:\/\/www.montestigliano.com\/it\/piscina\/\" title=\"Piscina\">\r\n\t\t\t\t\t<img loading=\"lazy\" decoding=\"async\" width=\"1920\" height=\"1278\" src=\"https:\/\/www.montestigliano.com\/wp-content\/uploads\/2020\/05\/piscina.jpg\" class=\"attachment-full size-full wp-post-image\" alt=\"\" srcset=\"https:\/\/www.montestigliano.com\/wp-content\/uploads\/2020\/05\/piscina.jpg 1920w, https:\/\/www.montestigliano.com\/wp-content\/uploads\/2020\/05\/piscina-300x200.jpg 300w, https:\/\/www.montestigliano.com\/wp-content\/uploads\/2020\/05\/piscina-1024x682.jpg 1024w, https:\/\/www.montestigliano.com\/wp-content\/uploads\/2020\/05\/piscina-768x511.jpg 768w, https:\/\/www.montestigliano.com\/wp-content\/uploads\/2020\/05\/piscina-1536x1022.jpg 1536w\" sizes=\"auto, (max-width: 1920px) 100vw, 1920px\" \/>\t\t\t\t\t<\/a>\r\n\t\t\t\t\t<\/div>\r\n        <div class=\"eltdf-bli-content\">\r\n            \r\n<h4 itemprop=\"name\" class=\"entry-title eltdf-post-title\" >\r\n            <a itemprop=\"url\" href=\"https:\/\/www.montestigliano.com\/it\/piscina\/\" title=\"Piscina\">\r\n            Piscina            <\/a>\r\n    <\/h4>            <div class=\"eltdf-post-info-category\">\r\n    <a href=\"https:\/\/www.montestigliano.com\/it\/category\/attivita\/\" rel=\"category tag\">Attivit\u00e0<\/a><\/div>            <div class=\"eltdf-bli-excerpt\">\r\n                \t\t<div class=\"eltdf-post-excerpt-holder\">\r\n\t\t\t<p itemprop=\"description\" class=\"eltdf-post-excerpt\">\r\n\t\t\t\t[vc_row][vc_column][vc_column_text]\r\nAbbiamo due piscine: la \"Quiet Pool\" per gli adulti a leggere, rilassarsi e godersi un po 'di pace e tranquillit\u00e0. E il \"Noisy Pool\" per far giocare i bambini e sguazzare.\r\n\r\n\r\n \tLa \"Quiet Pool\" si trova accanto a Casa Adriana\t\t\t<\/p>\r\n\t\t<\/div>\r\n\t            <\/div>\r\n                    <\/div>\r\n\t<\/div>\r\n<\/li><li class=\"eltdf-bl-item eltdf-item-space\">\r\n\t<div class=\"eltdf-bli-inner\">\r\n\t\t\r\n\t<div class=\"eltdf-post-image\">\r\n\t\t\t\t\t<a itemprop=\"url\" href=\"https:\/\/www.montestigliano.com\/it\/escursioni-in-bicicletta\/\" title=\"Escursioni in Bicicletta\">\r\n\t\t\t\t\t<img loading=\"lazy\" decoding=\"async\" width=\"600\" height=\"400\" src=\"https:\/\/www.montestigliano.com\/wp-content\/uploads\/2020\/05\/montestigliano_activities_tuscany_by_bike.jpg\" class=\"attachment-full size-full wp-post-image\" alt=\"\" srcset=\"https:\/\/www.montestigliano.com\/wp-content\/uploads\/2020\/05\/montestigliano_activities_tuscany_by_bike.jpg 600w, https:\/\/www.montestigliano.com\/wp-content\/uploads\/2020\/05\/montestigliano_activities_tuscany_by_bike-300x200.jpg 300w\" sizes=\"auto, (max-width: 600px) 100vw, 600px\" \/>\t\t\t\t\t<\/a>\r\n\t\t\t\t\t<\/div>\r\n        <div class=\"eltdf-bli-content\">\r\n            \r\n<h4 itemprop=\"name\" class=\"entry-title eltdf-post-title\" >\r\n            <a itemprop=\"url\" href=\"https:\/\/www.montestigliano.com\/it\/escursioni-in-bicicletta\/\" title=\"Escursioni in Bicicletta\">\r\n            Escursioni in Bicicletta            <\/a>\r\n    <\/h4>            <div class=\"eltdf-post-info-category\">\r\n    <a href=\"https:\/\/www.montestigliano.com\/it\/category\/attivita\/\" rel=\"category tag\">Attivit\u00e0<\/a><\/div>            <div class=\"eltdf-bli-excerpt\">\r\n                \t\t<div class=\"eltdf-post-excerpt-holder\">\r\n\t\t\t<p itemprop=\"description\" class=\"eltdf-post-excerpt\">\r\n\t\t\t\t[vc_row][vc_column][vc_column_text]\r\nMontestigliano si trova nella Val Di Merse. Questa zona offre una serie di strade secondarie che sono tranquille e perfette per viaggiare in bicicletta.\r\nGoditi il colorato paesaggio toscano, i suoi panorami spalancati e la sua ricca storia e cultura. Questa\t\t\t<\/p>\r\n\t\t<\/div>\r\n\t            <\/div>\r\n                    <\/div>\r\n\t<\/div>\r\n<\/li><li class=\"eltdf-bl-item eltdf-item-space\">\r\n\t<div class=\"eltdf-bli-inner\">\r\n\t\t\r\n\t<div class=\"eltdf-post-image\">\r\n\t\t\t\t\t<a itemprop=\"url\" href=\"https:\/\/www.montestigliano.com\/it\/passeggiate-trekking\/\" title=\"Passeggiate &#038; Trekking\">\r\n\t\t\t\t\t<img loading=\"lazy\" decoding=\"async\" width=\"600\" height=\"400\" src=\"https:\/\/www.montestigliano.com\/wp-content\/uploads\/2020\/05\/Agriturismo-con-passeggiate-percorsi-trekking-in-Toscana.jpg\" class=\"attachment-full size-full wp-post-image\" alt=\"Agriturismo con passeggiate percorsi trekking in Toscana\" srcset=\"https:\/\/www.montestigliano.com\/wp-content\/uploads\/2020\/05\/Agriturismo-con-passeggiate-percorsi-trekking-in-Toscana.jpg 600w, https:\/\/www.montestigliano.com\/wp-content\/uploads\/2020\/05\/Agriturismo-con-passeggiate-percorsi-trekking-in-Toscana-300x200.jpg 300w\" sizes=\"auto, (max-width: 600px) 100vw, 600px\" \/>\t\t\t\t\t<\/a>\r\n\t\t\t\t\t<\/div>\r\n        <div class=\"eltdf-bli-content\">\r\n            \r\n<h4 itemprop=\"name\" class=\"entry-title eltdf-post-title\" >\r\n            <a itemprop=\"url\" href=\"https:\/\/www.montestigliano.com\/it\/passeggiate-trekking\/\" title=\"Passeggiate &#038; Trekking\">\r\n            Passeggiate &#038; Trekking            <\/a>\r\n    <\/h4>            <div class=\"eltdf-post-info-category\">\r\n    <a href=\"https:\/\/www.montestigliano.com\/it\/category\/attivita\/\" rel=\"category tag\">Attivit\u00e0<\/a><\/div>            <div class=\"eltdf-bli-excerpt\">\r\n                \t\t<div class=\"eltdf-post-excerpt-holder\">\r\n\t\t\t<p itemprop=\"description\" class=\"eltdf-post-excerpt\">\r\n\t\t\t\t[vc_row][vc_column][vc_column_text]\r\nUna passeggiata lungo i viali di cipressi a Montestigliano \u00e8 d'obbligo. A partire dalla porta d'ingresso della tua villa, puoi esplorare bellissimi percorsi panoramici, storici viali di cipressi e antiche parrocchie ricche di storia.\r\nUna passeggiata di 40 minuti dalla propriet\u00e0\t\t\t<\/p>\r\n\t\t<\/div>\r\n\t            <\/div>\r\n                    <\/div>\r\n\t<\/div>\r\n<\/li><li class=\"eltdf-bl-item eltdf-item-space\">\r\n\t<div class=\"eltdf-bli-inner\">\r\n\t\t\r\n\t<div class=\"eltdf-post-image\">\r\n\t\t\t\t\t<a itemprop=\"url\" href=\"https:\/\/www.montestigliano.com\/it\/wellness\/\" title=\"Wellness\">\r\n\t\t\t\t\t<img loading=\"lazy\" decoding=\"async\" width=\"600\" height=\"400\" src=\"https:\/\/www.montestigliano.com\/wp-content\/uploads\/2020\/05\/monstestigliano_activities_wellness.jpg\" class=\"attachment-full size-full wp-post-image\" alt=\"\" srcset=\"https:\/\/www.montestigliano.com\/wp-content\/uploads\/2020\/05\/monstestigliano_activities_wellness.jpg 600w, https:\/\/www.montestigliano.com\/wp-content\/uploads\/2020\/05\/monstestigliano_activities_wellness-300x200.jpg 300w\" sizes=\"auto, (max-width: 600px) 100vw, 600px\" \/>\t\t\t\t\t<\/a>\r\n\t\t\t\t\t<\/div>\r\n        <div class=\"eltdf-bli-content\">\r\n            \r\n<h4 itemprop=\"name\" class=\"entry-title eltdf-post-title\" >\r\n            <a itemprop=\"url\" href=\"https:\/\/www.montestigliano.com\/it\/wellness\/\" title=\"Wellness\">\r\n            Wellness            <\/a>\r\n    <\/h4>            <div class=\"eltdf-post-info-category\">\r\n    <a href=\"https:\/\/www.montestigliano.com\/it\/category\/attivita\/\" rel=\"category tag\">Attivit\u00e0<\/a><\/div>            <div class=\"eltdf-bli-excerpt\">\r\n                \t\t<div class=\"eltdf-post-excerpt-holder\">\r\n\t\t\t<p itemprop=\"description\" class=\"eltdf-post-excerpt\">\r\n\t\t\t\t[vc_row][vc_column][vc_column_text]\r\nUn massaggio rilassante dalla comodit\u00e0 della tua villa. Parla alla reception e possiamo prenotarlo per te. Per prenotare il massaggiatore \u00e8 necessaria una prenotazione minima di 3 trattamenti o 3 persone.\r\nIvana Vlckova Echerle \u00e8 una massaggiatrice professionista e terapista olistica.\t\t\t<\/p>\r\n\t\t<\/div>\r\n\t            <\/div>\r\n                    <\/div>\r\n\t<\/div>\r\n<\/li><li class=\"eltdf-bl-item eltdf-item-space\">\r\n\t<div class=\"eltdf-bli-inner\">\r\n\t\t\r\n\t<div class=\"eltdf-post-image\">\r\n\t\t\t\t\t<a itemprop=\"url\" href=\"https:\/\/www.montestigliano.com\/it\/golf\/\" title=\"Golf\">\r\n\t\t\t\t\t<img loading=\"lazy\" decoding=\"async\" width=\"600\" height=\"400\" src=\"https:\/\/www.montestigliano.com\/wp-content\/uploads\/2020\/05\/montestigliano_activities_golf_club.jpg\" class=\"attachment-full size-full wp-post-image\" alt=\"\" srcset=\"https:\/\/www.montestigliano.com\/wp-content\/uploads\/2020\/05\/montestigliano_activities_golf_club.jpg 600w, https:\/\/www.montestigliano.com\/wp-content\/uploads\/2020\/05\/montestigliano_activities_golf_club-300x200.jpg 300w\" sizes=\"auto, (max-width: 600px) 100vw, 600px\" \/>\t\t\t\t\t<\/a>\r\n\t\t\t\t\t<\/div>\r\n        <div class=\"eltdf-bli-content\">\r\n            \r\n<h4 itemprop=\"name\" class=\"entry-title eltdf-post-title\" >\r\n            <a itemprop=\"url\" href=\"https:\/\/www.montestigliano.com\/it\/golf\/\" title=\"Golf\">\r\n            Golf            <\/a>\r\n    <\/h4>            <div class=\"eltdf-post-info-category\">\r\n    <a href=\"https:\/\/www.montestigliano.com\/it\/category\/attivita\/\" rel=\"category tag\">Attivit\u00e0<\/a><\/div>            <div class=\"eltdf-bli-excerpt\">\r\n                \t\t<div class=\"eltdf-post-excerpt-holder\">\r\n\t\t\t<p itemprop=\"description\" class=\"eltdf-post-excerpt\">\r\n\t\t\t\t[vc_row][vc_column][vc_column_text]\r\nIl vicino Royal Golf La Bagnaia Course \u00e8 il primo campo da golf a 18 buche in Toscana.\r\n\u00c8 stato progettato dal famoso architetto Robert Trent Jones, Jr. ed \u00e8 un Par 71, \u00e8 lungo 6.101 metri e copre un'area di\t\t\t<\/p>\r\n\t\t<\/div>\r\n\t            <\/div>\r\n                    <\/div>\r\n\t<\/div>\r\n<\/li>\t\t<\/ul>\r\n\t<\/div>\r\n\t<\/div>[\/vc_column][\/vc_row]<\/p>\n","protected":false},"excerpt":{"rendered":"<p>[vc_row][vc_column][\/vc_column][\/vc_row]<\/p>\n","protected":false},"author":99,"featured_media":7261,"parent":0,"menu_order":0,"comment_status":"closed","ping_status":"closed","template":"","meta":{"footnotes":""},"class_list":["post-4302","page","type-page","status-publish","has-post-thumbnail","hentry"],"yoast_head":"<!-- This site is optimized with the Yoast SEO plugin v24.3 - https:\/\/yoast.com\/wordpress\/plugins\/seo\/ -->\n<title>Attivit\u00e0 per rilassarti, fare sport e divertirti in agriturismo in Toscana - Montestigliano<\/title>\n<meta name=\"description\" content=\"Montestigliano \u00e8 un lussuoso agriturismo in Toscana con piscina e servizi wellness. Rilassati, gioca a golf o fai trekking. Scopri tutte le attivit\u00e0.\" \/>\n<meta name=\"robots\" content=\"index, follow, max-snippet:-1, max-image-preview:large, max-video-preview:-1\" \/>\n<link rel=\"canonical\" href=\"https:\/\/www.montestigliano.com\/it\/attivita\/\" \/>\n<meta property=\"og:locale\" content=\"it_IT\" \/>\n<meta property=\"og:type\" content=\"article\" \/>\n<meta property=\"og:title\" content=\"Attivit\u00e0 per rilassarti, fare sport e divertirti in agriturismo in Toscana - Montestigliano\" \/>\n<meta property=\"og:description\" content=\"Montestigliano \u00e8 un lussuoso agriturismo in Toscana con piscina e servizi wellness. Rilassati, gioca a golf o fai trekking. Scopri tutte le attivit\u00e0.\" \/>\n<meta property=\"og:url\" content=\"https:\/\/www.montestigliano.com\/it\/attivita\/\" \/>\n<meta property=\"og:site_name\" content=\"Montestigliano\" \/>\n<meta property=\"article:modified_time\" content=\"2023-01-11T16:54:29+00:00\" \/>\n<meta property=\"og:image\" content=\"https:\/\/www.montestigliano.com\/wp-content\/uploads\/2023\/01\/Attivita\u0300-sport-diverto-agriturismo-in-Toscana.jpg\" \/>\n\t<meta property=\"og:image:width\" content=\"600\" \/>\n\t<meta property=\"og:image:height\" content=\"400\" \/>\n\t<meta property=\"og:image:type\" content=\"image\/jpeg\" \/>\n<meta name=\"twitter:card\" content=\"summary_large_image\" \/>\n<script type=\"application\/ld+json\" class=\"yoast-schema-graph\">{\"@context\":\"https:\/\/schema.org\",\"@graph\":[{\"@type\":\"WebPage\",\"@id\":\"https:\/\/www.montestigliano.com\/it\/attivita\/\",\"url\":\"https:\/\/www.montestigliano.com\/it\/attivita\/\",\"name\":\"Attivit\u00e0 per rilassarti, fare sport e divertirti in agriturismo in Toscana - Montestigliano\",\"isPartOf\":{\"@id\":\"https:\/\/www.montestigliano.com\/it\/#website\"},\"primaryImageOfPage\":{\"@id\":\"https:\/\/www.montestigliano.com\/it\/attivita\/#primaryimage\"},\"image\":{\"@id\":\"https:\/\/www.montestigliano.com\/it\/attivita\/#primaryimage\"},\"thumbnailUrl\":\"https:\/\/www.montestigliano.com\/wp-content\/uploads\/2023\/01\/Attivita\u0300-sport-diverto-agriturismo-in-Toscana.jpg\",\"datePublished\":\"2020-04-17T09:14:39+00:00\",\"dateModified\":\"2023-01-11T16:54:29+00:00\",\"description\":\"Montestigliano \u00e8 un lussuoso agriturismo in Toscana con piscina e servizi wellness. Rilassati, gioca a golf o fai trekking. Scopri tutte le attivit\u00e0.\",\"breadcrumb\":{\"@id\":\"https:\/\/www.montestigliano.com\/it\/attivita\/#breadcrumb\"},\"inLanguage\":\"it-IT\",\"potentialAction\":[{\"@type\":\"ReadAction\",\"target\":[\"https:\/\/www.montestigliano.com\/it\/attivita\/\"]}]},{\"@type\":\"ImageObject\",\"inLanguage\":\"it-IT\",\"@id\":\"https:\/\/www.montestigliano.com\/it\/attivita\/#primaryimage\",\"url\":\"https:\/\/www.montestigliano.com\/wp-content\/uploads\/2023\/01\/Attivita\u0300-sport-diverto-agriturismo-in-Toscana.jpg\",\"contentUrl\":\"https:\/\/www.montestigliano.com\/wp-content\/uploads\/2023\/01\/Attivita\u0300-sport-diverto-agriturismo-in-Toscana.jpg\",\"width\":600,\"height\":400,\"caption\":\"Attivita\u0300 sport diverto agriturismo in Toscana\"},{\"@type\":\"BreadcrumbList\",\"@id\":\"https:\/\/www.montestigliano.com\/it\/attivita\/#breadcrumb\",\"itemListElement\":[{\"@type\":\"ListItem\",\"position\":1,\"name\":\"Home\",\"item\":\"https:\/\/www.montestigliano.com\/it\/\"},{\"@type\":\"ListItem\",\"position\":2,\"name\":\"Attivit\u00e0\"}]},{\"@type\":\"WebSite\",\"@id\":\"https:\/\/www.montestigliano.com\/it\/#website\",\"url\":\"https:\/\/www.montestigliano.com\/it\/\",\"name\":\"Montestigliano\",\"description\":\"\",\"potentialAction\":[{\"@type\":\"SearchAction\",\"target\":{\"@type\":\"EntryPoint\",\"urlTemplate\":\"https:\/\/www.montestigliano.com\/it\/?s={search_term_string}\"},\"query-input\":{\"@type\":\"PropertyValueSpecification\",\"valueRequired\":true,\"valueName\":\"search_term_string\"}}],\"inLanguage\":\"it-IT\"}]}<\/script>\n<!-- \/ Yoast SEO plugin. -->","yoast_head_json":{"title":"Attivit\u00e0 per rilassarti, fare sport e divertirti in agriturismo in Toscana - Montestigliano","description":"Montestigliano \u00e8 un lussuoso agriturismo in Toscana con piscina e servizi wellness. Rilassati, gioca a golf o fai trekking. Scopri tutte le attivit\u00e0.","robots":{"index":"index","follow":"follow","max-snippet":"max-snippet:-1","max-image-preview":"max-image-preview:large","max-video-preview":"max-video-preview:-1"},"canonical":"https:\/\/www.montestigliano.com\/it\/attivita\/","og_locale":"it_IT","og_type":"article","og_title":"Attivit\u00e0 per rilassarti, fare sport e divertirti in agriturismo in Toscana - Montestigliano","og_description":"Montestigliano \u00e8 un lussuoso agriturismo in Toscana con piscina e servizi wellness. Rilassati, gioca a golf o fai trekking. Scopri tutte le attivit\u00e0.","og_url":"https:\/\/www.montestigliano.com\/it\/attivita\/","og_site_name":"Montestigliano","article_modified_time":"2023-01-11T16:54:29+00:00","og_image":[{"width":600,"height":400,"url":"https:\/\/www.montestigliano.com\/wp-content\/uploads\/2023\/01\/Attivita\u0300-sport-diverto-agriturismo-in-Toscana.jpg","type":"image\/jpeg"}],"twitter_card":"summary_large_image","schema":{"@context":"https:\/\/schema.org","@graph":[{"@type":"WebPage","@id":"https:\/\/www.montestigliano.com\/it\/attivita\/","url":"https:\/\/www.montestigliano.com\/it\/attivita\/","name":"Attivit\u00e0 per rilassarti, fare sport e divertirti in agriturismo in Toscana - Montestigliano","isPartOf":{"@id":"https:\/\/www.montestigliano.com\/it\/#website"},"primaryImageOfPage":{"@id":"https:\/\/www.montestigliano.com\/it\/attivita\/#primaryimage"},"image":{"@id":"https:\/\/www.montestigliano.com\/it\/attivita\/#primaryimage"},"thumbnailUrl":"https:\/\/www.montestigliano.com\/wp-content\/uploads\/2023\/01\/Attivita\u0300-sport-diverto-agriturismo-in-Toscana.jpg","datePublished":"2020-04-17T09:14:39+00:00","dateModified":"2023-01-11T16:54:29+00:00","description":"Montestigliano \u00e8 un lussuoso agriturismo in Toscana con piscina e servizi wellness. Rilassati, gioca a golf o fai trekking. Scopri tutte le attivit\u00e0.","breadcrumb":{"@id":"https:\/\/www.montestigliano.com\/it\/attivita\/#breadcrumb"},"inLanguage":"it-IT","potentialAction":[{"@type":"ReadAction","target":["https:\/\/www.montestigliano.com\/it\/attivita\/"]}]},{"@type":"ImageObject","inLanguage":"it-IT","@id":"https:\/\/www.montestigliano.com\/it\/attivita\/#primaryimage","url":"https:\/\/www.montestigliano.com\/wp-content\/uploads\/2023\/01\/Attivita\u0300-sport-diverto-agriturismo-in-Toscana.jpg","contentUrl":"https:\/\/www.montestigliano.com\/wp-content\/uploads\/2023\/01\/Attivita\u0300-sport-diverto-agriturismo-in-Toscana.jpg","width":600,"height":400,"caption":"Attivita\u0300 sport diverto agriturismo in Toscana"},{"@type":"BreadcrumbList","@id":"https:\/\/www.montestigliano.com\/it\/attivita\/#breadcrumb","itemListElement":[{"@type":"ListItem","position":1,"name":"Home","item":"https:\/\/www.montestigliano.com\/it\/"},{"@type":"ListItem","position":2,"name":"Attivit\u00e0"}]},{"@type":"WebSite","@id":"https:\/\/www.montestigliano.com\/it\/#website","url":"https:\/\/www.montestigliano.com\/it\/","name":"Montestigliano","description":"","potentialAction":[{"@type":"SearchAction","target":{"@type":"EntryPoint","urlTemplate":"https:\/\/www.montestigliano.com\/it\/?s={search_term_string}"},"query-input":{"@type":"PropertyValueSpecification","valueRequired":true,"valueName":"search_term_string"}}],"inLanguage":"it-IT"}]}},"_links":{"self":[{"href":"https:\/\/www.montestigliano.com\/it\/wp-json\/wp\/v2\/pages\/4302","targetHints":{"allow":["GET"]}}],"collection":[{"href":"https:\/\/www.montestigliano.com\/it\/wp-json\/wp\/v2\/pages"}],"about":[{"href":"https:\/\/www.montestigliano.com\/it\/wp-json\/wp\/v2\/types\/page"}],"author":[{"embeddable":true,"href":"https:\/\/www.montestigliano.com\/it\/wp-json\/wp\/v2\/users\/99"}],"replies":[{"embeddable":true,"href":"https:\/\/www.montestigliano.com\/it\/wp-json\/wp\/v2\/comments?post=4302"}],"version-history":[{"count":6,"href":"https:\/\/www.montestigliano.com\/it\/wp-json\/wp\/v2\/pages\/4302\/revisions"}],"predecessor-version":[{"id":4593,"href":"https:\/\/www.montestigliano.com\/it\/wp-json\/wp\/v2\/pages\/4302\/revisions\/4593"}],"wp:featuredmedia":[{"embeddable":true,"href":"https:\/\/www.montestigliano.com\/it\/wp-json\/wp\/v2\/media\/7261"}],"wp:attachment":[{"href":"https:\/\/www.montestigliano.com\/it\/wp-json\/wp\/v2\/media?parent=4302"}],"curies":[{"name":"wp","href":"https:\/\/api.w.org\/{rel}","templated":true}]}}